{"id":22,"date":"2023-03-10T12:41:39","date_gmt":"2023-03-10T11:41:39","guid":{"rendered":"https:\/\/www.professorn.nu\/?page_id=22"},"modified":"2025-08-28T14:35:32","modified_gmt":"2025-08-28T12:35:32","slug":"forskolan-professorn","status":"publish","type":"page","link":"https:\/\/www.professorn.nu\/","title":{"rendered":"V\u00e4lkommen till F\u00f6rskolan Professorn!"},"content":{"rendered":"<div class=\"wp-block-image\">\n<figure class=\"aligncenter size-full is-resized\"><img loading=\"lazy\" decoding=\"async\" width=\"907\" height=\"142\" src=\"https:\/\/www.professorn.nu\/wp-content\/uploads\/2024\/01\/Monster.jpg\" alt=\"\" class=\"wp-image-407\" style=\"width:447px;height:auto\" srcset=\"https:\/\/www.professorn.nu\/wp-content\/uploads\/2024\/01\/Monster.jpg 907w, https:\/\/www.professorn.nu\/wp-content\/uploads\/2024\/01\/Monster-300x47.jpg 300w, https:\/\/www.professorn.nu\/wp-content\/uploads\/2024\/01\/Monster-768x120.jpg 768w\" sizes=\"auto, (max-width: 907px) 100vw, 907px\" \/><\/figure>\n<\/div>\n\n\n<div style=\"height:auto;width:537px\" aria-hidden=\"true\" class=\"wp-block-spacer\"><\/div>\n\n\n\n<p>F\u00f6rskolan Professorn ligger i utkanten av \u00c5lidhem i Ume\u00e5, med naturen inp\u00e5 knuten. Vi har tillg\u00e5ng till en stor g\u00e5rd med pulkabacke och gott om gr\u00f6nomr\u00e5den. Professorn har tre avdelningar som bedrivs utifr\u00e5n \u00e5ldersblandade grupper. V\u00e5r inne- och utemilj\u00f6 anv\u00e4nds som den tredje pedagogen och skapar b\u00e4sta m\u00f6jliga f\u00f6ruts\u00e4ttningar f\u00f6r omsorg och l\u00e4rande.<\/p>\n\n\n\n<p>V\u00e5ra \u00f6ppettider \u00e4r 06.30 \u2013 18.30.<\/p>\n\n\n\n<div class=\"wp-block-columns is-layout-flex wp-container-core-columns-is-layout-9d6595d7 wp-block-columns-is-layout-flex\">\n<div class=\"wp-block-column is-layout-flow wp-block-column-is-layout-flow\"><\/div>\n\n\n\n<div class=\"wp-block-column is-layout-flow wp-block-column-is-layout-flow\">\n<div class=\"wp-block-buttons alignfull is-content-justification-center is-layout-flex wp-container-core-buttons-is-layout-16018d1d wp-block-buttons-is-layout-flex\">\n<div class=\"wp-block-button is-style-outline is-style-outline--1\"><a class=\"wp-block-button__link wp-element-button\" href=\"https:\/\/www.umea.se\/barnochutbildning\/forskola\/ansokellersaguppplats.4.27a2de8b172da059ace1d8a.html\" target=\"_blank\" rel=\"noreferrer noopener\">Ans\u00f6k om barnomsorg till oss!<\/a><\/div>\n<\/div>\n<\/div>\n\n\n\n<div class=\"wp-block-column is-layout-flow wp-block-column-is-layout-flow\"><\/div>\n<\/div>\n\n\n\n<figure class=\"wp-block-image size-large\"><img loading=\"lazy\" decoding=\"async\" width=\"1024\" height=\"768\" src=\"https:\/\/www.professorn.nu\/wp-content\/uploads\/2023\/12\/3A965F54-E8A1-4AC4-9040-764981355002-1024x768.jpeg\" alt=\"\" class=\"wp-image-234\" srcset=\"https:\/\/www.professorn.nu\/wp-content\/uploads\/2023\/12\/3A965F54-E8A1-4AC4-9040-764981355002-1024x768.jpeg 1024w, https:\/\/www.professorn.nu\/wp-content\/uploads\/2023\/12\/3A965F54-E8A1-4AC4-9040-764981355002-300x225.jpeg 300w, https:\/\/www.professorn.nu\/wp-content\/uploads\/2023\/12\/3A965F54-E8A1-4AC4-9040-764981355002-768x576.jpeg 768w, https:\/\/www.professorn.nu\/wp-content\/uploads\/2023\/12\/3A965F54-E8A1-4AC4-9040-764981355002-1536x1152.jpeg 1536w, https:\/\/www.professorn.nu\/wp-content\/uploads\/2023\/12\/3A965F54-E8A1-4AC4-9040-764981355002-2048x1536.jpeg 2048w\" sizes=\"auto, (max-width: 1024px) 100vw, 1024px\" \/><figcaption class=\"wp-element-caption\">Bilder fr\u00e5n v\u00e5r fina utomhusmilj\u00f6!<\/figcaption><\/figure>\n","protected":false},"excerpt":{"rendered":"<p>F\u00f6rskolan Professorn ligger i utkanten av \u00c5lidhem i Ume\u00e5, med naturen inp\u00e5 knuten. Vi har tillg\u00e5ng till en stor g\u00e5rd med pulkabacke och gott om gr\u00f6nomr\u00e5den. Professorn har tre avdelningar som bedrivs utifr\u00e5n \u00e5ldersblandade grupper. V\u00e5r inne- och utemilj\u00f6 anv\u00e4nds som den tredje pedagogen och skapar b\u00e4sta m\u00f6jliga f\u00f6ruts\u00e4ttningar f\u00f6r omsorg och l\u00e4rande. V\u00e5ra \u00f6ppettider [&hellip;]<\/p>\n","protected":false},"author":1,"featured_media":0,"parent":0,"menu_order":0,"comment_status":"closed","ping_status":"closed","template":"","meta":{"ocean_post_layout":"","ocean_both_sidebars_style":"","ocean_both_sidebars_content_width":0,"ocean_both_sidebars_sidebars_width":0,"ocean_sidebar":"0","ocean_second_sidebar":"0","ocean_disable_margins":"enable","ocean_add_body_class":"","ocean_shortcode_before_top_bar":"","ocean_shortcode_after_top_bar":"","ocean_shortcode_before_header":"","ocean_shortcode_after_header":"","ocean_has_shortcode":"","ocean_shortcode_after_title":"","ocean_shortcode_before_footer_widgets":"","ocean_shortcode_after_footer_widgets":"","ocean_shortcode_before_footer_bottom":"","ocean_shortcode_after_footer_bottom":"","ocean_display_top_bar":"default","ocean_display_header":"default","ocean_header_style":"","ocean_center_header_left_menu":"0","ocean_custom_header_template":"0","ocean_custom_logo":0,"ocean_custom_retina_logo":0,"ocean_custom_logo_max_width":0,"ocean_custom_logo_tablet_max_width":0,"ocean_custom_logo_mobile_max_width":0,"ocean_custom_logo_max_height":0,"ocean_custom_logo_tablet_max_height":0,"ocean_custom_logo_mobile_max_height":0,"ocean_header_custom_menu":"0","ocean_menu_typo_font_family":"0","ocean_menu_typo_font_subset":"","ocean_menu_typo_font_size":0,"ocean_menu_typo_font_size_tablet":0,"ocean_menu_typo_font_size_mobile":0,"ocean_menu_typo_font_size_unit":"px","ocean_menu_typo_font_weight":"","ocean_menu_typo_font_weight_tablet":"","ocean_menu_typo_font_weight_mobile":"","ocean_menu_typo_transform":"","ocean_menu_typo_transform_tablet":"","ocean_menu_typo_transform_mobile":"","ocean_menu_typo_line_height":0,"ocean_menu_typo_line_height_tablet":0,"ocean_menu_typo_line_height_mobile":0,"ocean_menu_typo_line_height_unit":"","ocean_menu_typo_spacing":0,"ocean_menu_typo_spacing_tablet":0,"ocean_menu_typo_spacing_mobile":0,"ocean_menu_typo_spacing_unit":"","ocean_menu_link_color":"","ocean_menu_link_color_hover":"","ocean_menu_link_color_active":"","ocean_menu_link_background":"","ocean_menu_link_hover_background":"","ocean_menu_link_active_background":"","ocean_menu_social_links_bg":"","ocean_menu_social_hover_links_bg":"","ocean_menu_social_links_color":"","ocean_menu_social_hover_links_color":"","ocean_disable_title":"default","ocean_disable_heading":"default","ocean_post_title":"","ocean_post_subheading":"","ocean_post_title_style":"","ocean_post_title_background_color":"","ocean_post_title_background":0,"ocean_post_title_bg_image_position":"","ocean_post_title_bg_image_attachment":"","ocean_post_title_bg_image_repeat":"","ocean_post_title_bg_image_size":"","ocean_post_title_height":0,"ocean_post_title_bg_overlay":0.5,"ocean_post_title_bg_overlay_color":"","ocean_disable_breadcrumbs":"default","ocean_breadcrumbs_color":"","ocean_breadcrumbs_separator_color":"","ocean_breadcrumbs_links_color":"","ocean_breadcrumbs_links_hover_color":"","ocean_display_footer_widgets":"default","ocean_display_footer_bottom":"default","ocean_custom_footer_template":"0","footnotes":""},"class_list":["post-22","page","type-page","status-publish","hentry","entry"],"jetpack_sharing_enabled":true,"_links":{"self":[{"href":"https:\/\/www.professorn.nu\/index.php?rest_route=\/wp\/v2\/pages\/22","targetHints":{"allow":["GET"]}}],"collection":[{"href":"https:\/\/www.professorn.nu\/index.php?rest_route=\/wp\/v2\/pages"}],"about":[{"href":"https:\/\/www.professorn.nu\/index.php?rest_route=\/wp\/v2\/types\/page"}],"author":[{"embeddable":true,"href":"https:\/\/www.professorn.nu\/index.php?rest_route=\/wp\/v2\/users\/1"}],"replies":[{"embeddable":true,"href":"https:\/\/www.professorn.nu\/index.php?rest_route=%2Fwp%2Fv2%2Fcomments&post=22"}],"version-history":[{"count":46,"href":"https:\/\/www.professorn.nu\/index.php?rest_route=\/wp\/v2\/pages\/22\/revisions"}],"predecessor-version":[{"id":586,"href":"https:\/\/www.professorn.nu\/index.php?rest_route=\/wp\/v2\/pages\/22\/revisions\/586"}],"wp:attachment":[{"href":"https:\/\/www.professorn.nu\/index.php?rest_route=%2Fwp%2Fv2%2Fmedia&parent=22"}],"curies":[{"name":"wp","href":"https:\/\/api.w.org\/{rel}","templated":true}]}}